{"id":1185,"date":"2018-08-21T14:20:45","date_gmt":"2018-08-21T12:20:45","guid":{"rendered":"https:\/\/geraldwatelet.be\/partenaires\/"},"modified":"2021-08-26T16:08:41","modified_gmt":"2021-08-26T14:08:41","slug":"partners","status":"publish","type":"page","link":"https:\/\/geraldwatelet.be\/en\/partners\/","title":{"rendered":"Partners"},"content":{"rendered":"<p>[vc_row full_width=&#8221;stretch_row&#8221; equal_height=&#8221;yes&#8221;][vc_column width=&#8221;1\/2&#8243; css=&#8221;.vc_custom_1534854515135{background-position: center !important;background-repeat: no-repeat !important;background-size: cover !important;}&#8221;][vc_single_image image=&#8221;1195&#8243; img_size=&#8221;full&#8221; alignment=&#8221;center&#8221;][\/vc_column][vc_column width=&#8221;1\/2&#8243; el_class=&#8221;column-wrapper&#8211;maxwidth&#8211;700&#8243; css=&#8221;.vc_custom_1521446654254{padding-left: 8% !important;}&#8221;]<div id=\"la_divider69d0a4f357447\" class=\"js-el la-divider la-unit-responsive\" data-la_component=\"UnitResponsive\"  data-el_target='#la_divider69d0a4f357447'  data-el_media_sizes='{&quot;padding-top&quot;:&quot;xlg:135px;lg:50px;&quot;}' ><\/div>\n<div id=\"la_heading_69d0a4f357806\" class=\"la-headings text-left\"><h2 class=\"js-el heading-tag la-unit-responsive font-weight-400\" style=\"\" >JF R\u00e9gis<\/h2><\/div>\n<div id=\"la_divider69d0a4f357ab9\" class=\"js-el la-divider la-unit-responsive\" data-la_component=\"UnitResponsive\"  data-el_target='#la_divider69d0a4f357ab9'  data-el_media_sizes='{&quot;padding-top&quot;:&quot;lg:30px;&quot;}' ><\/div>\n[vc_column_text el_class=&#8221;line-height-30&#8243;]JF Regis has a passion for marble and sculpture and he\u2019s an expert on Italian and French furniture. He presents an eclectic selection of pieces mostly in their original condition and rarely restored.<br \/>\nTogether with Gerald Watelet, JF Regis offer a wide range of interiors refurbishment services. The decoration team works with several experienced upholstery artisans and a lighting and lamp shade atelier.[\/vc_column_text][vc_row_inner][vc_column_inner width=&#8221;1\/6&#8243;]<div id=\"la_icon_boxes_69d0a4f357ed7\" class=\"la-sc-icon-boxes wpb_content_element icon-type-normal icon-pos-default icon-style-simple\">\n    <div class=\"icon-boxes-inner\"><div class=\"box-heading-top\"><div class=\"box-icon-heading\"><div class=\"box-icon-inner type-icon\"><div class=\"wrap-icon\"><div class=\"box-icon box-icon-style-simple\"><a href=\"https:\/\/www.instagram.com\/jfregis\/?hl=fr\" target=\"_blank\"><span><i class=\"fab fa-instagram\"><\/i><\/span><\/a><\/div><\/div><\/div><\/div><\/div><div class=\"box-contents\"><\/div><\/div>\n<\/div>\n<span data-la_component=\"InsertCustomCSS\" class=\"js-el hidden\">#la_icon_boxes_69d0a4f357ed7.la-sc-icon-boxes .wrap-icon .box-icon span{line-height:30px;font-size:30px;width:30px;height:30px}<\/span>\n[\/vc_column_inner][vc_column_inner width=&#8221;1\/6&#8243;]<div id=\"la_icon_boxes_69d0a4f35831d\" class=\"la-sc-icon-boxes wpb_content_element icon-type-normal icon-pos-default icon-style-simple\">\n    <div class=\"icon-boxes-inner\"><div class=\"box-heading-top\"><div class=\"box-icon-heading\"><div class=\"box-icon-inner type-icon\"><div class=\"wrap-icon\"><div class=\"box-icon box-icon-style-simple\"><a href=\"https:\/\/www.jfregis.com\/\" target=\"_blank\"><span><i class=\"fas fa-globe\"><\/i><\/span><\/a><\/div><\/div><\/div><\/div><\/div><div class=\"box-contents\"><\/div><\/div>\n<\/div>\n<span data-la_component=\"InsertCustomCSS\" class=\"js-el hidden\">#la_icon_boxes_69d0a4f35831d.la-sc-icon-boxes .wrap-icon .box-icon span{line-height:30px;font-size:30px;width:30px;height:30px}<\/span>\n[\/vc_column_inner][vc_column_inner width=&#8221;1\/6&#8243;][\/vc_column_inner][vc_column_inner width=&#8221;1\/6&#8243;][\/vc_column_inner][vc_column_inner width=&#8221;1\/6&#8243;][\/vc_column_inner][vc_column_inner width=&#8221;1\/6&#8243;][\/vc_column_inner][\/vc_row_inner]<div id=\"la_divider69d0a4f35856f\" class=\"js-el la-divider la-unit-responsive\" data-la_component=\"UnitResponsive\"  data-el_target='#la_divider69d0a4f35856f'  data-el_media_sizes='{&quot;padding-top&quot;:&quot;xlg:135px;lg:50px;&quot;}' ><\/div>\n[\/vc_column][\/vc_row][vc_row full_width=&#8221;stretch_row&#8221; equal_height=&#8221;yes&#8221; disable_element=&#8221;yes&#8221;][vc_column width=&#8221;1\/2&#8243; css=&#8221;.vc_custom_1534854692833{background-position: center !important;background-repeat: no-repeat !important;background-size: cover !important;}&#8221;][vc_single_image image=&#8221;1194&#8243; img_size=&#8221;full&#8221; alignment=&#8221;center&#8221;][\/vc_column][vc_column width=&#8221;1\/2&#8243; el_class=&#8221;column-wrapper&#8211;maxwidth&#8211;700&#8243; css=&#8221;.vc_custom_1521446654254{padding-left: 8% !important;}&#8221;]<div id=\"la_divider69d0a4f3587a2\" class=\"js-el la-divider la-unit-responsive\" data-la_component=\"UnitResponsive\"  data-el_target='#la_divider69d0a4f3587a2'  data-el_media_sizes='{&quot;padding-top&quot;:&quot;xlg:135px;lg:50px;&quot;}' ><\/div>\n<div id=\"la_heading_69d0a4f358acb\" class=\"la-headings text-left\"><h2 class=\"js-el heading-tag la-unit-responsive font-weight-400\" style=\"\" >Tagoli<\/h2><\/div>\n<div id=\"la_divider69d0a4f358cd5\" class=\"js-el la-divider la-unit-responsive\" data-la_component=\"UnitResponsive\"  data-el_target='#la_divider69d0a4f358cd5'  data-el_media_sizes='{&quot;padding-top&quot;:&quot;lg:30px;&quot;}' ><\/div>\n[vc_column_text el_class=&#8221;line-height-30&#8243;]Depuis 1960, la maison TAGOLI cr\u00e9e et r\u00e9alise des abat-jour sur mesure dans la tradition du fait main artisanal. L\u2019atelier cr\u00e9e \u00e9galement des lampes, ou pourra transformer des objets divers en lampes, suivant vos d\u00e9sirs.<br \/>\nChaque r\u00e9alisation fait l\u2019objet d\u2019une attention particuli\u00e8re par des artisans sp\u00e9cialis\u00e9s.<br \/>\nDe l\u2019abat jour le plus simple au plus sophistiqu\u00e9, l\u2019abat-jour met en valeur les tonalit\u00e9s de lumi\u00e8re dans un int\u00e9rieur, et devient un \u00e9l\u00e9ment de d\u00e9coration \u00e0 part enti\u00e8re.\u00a0Quels que soient les tissus, la taille, la forme ou encore les finitions,\u00a0Sandrine Morel et Nelly Waquet sont \u00e0 votre \u00e9coute afin de vous aider et de vous conseiller dans vos choix.[\/vc_column_text]<div id=\"la_icon_boxes_69d0a4f359074\" class=\"la-sc-icon-boxes wpb_content_element icon-type-normal icon-pos-default icon-style-simple\">\n    <div class=\"icon-boxes-inner\"><div class=\"box-heading-top\"><div class=\"box-icon-heading\"><div class=\"box-icon-inner type-icon\"><div class=\"wrap-icon\"><div class=\"box-icon box-icon-style-simple\"><a href=\"https:\/\/www.instagram.com\/atelier_tagoli\/?hl=fr\" target=\"_blank\"><span><i class=\"fab fa-instagram\"><\/i><\/span><\/a><\/div><\/div><\/div><\/div><\/div><div class=\"box-contents\"><\/div><\/div>\n<\/div>\n<span data-la_component=\"InsertCustomCSS\" class=\"js-el hidden\">#la_icon_boxes_69d0a4f359074.la-sc-icon-boxes .wrap-icon .box-icon span{line-height:30px;font-size:30px;width:30px;height:30px}<\/span>\n<div id=\"la_divider69d0a4f3592d3\" class=\"js-el la-divider la-unit-responsive\" data-la_component=\"UnitResponsive\"  data-el_target='#la_divider69d0a4f3592d3'  data-el_media_sizes='{&quot;padding-top&quot;:&quot;xlg:135px;lg:50px;&quot;}' ><\/div>\n[\/vc_column][\/vc_row][vc_row full_width=&#8221;stretch_row&#8221; equal_height=&#8221;yes&#8221;][vc_column width=&#8221;1\/2&#8243; css=&#8221;.vc_custom_1534854692833{background-position: center !important;background-repeat: no-repeat !important;background-size: cover !important;}&#8221;][vc_single_image image=&#8221;1198&#8243; img_size=&#8221;full&#8221; alignment=&#8221;center&#8221;][\/vc_column][vc_column width=&#8221;1\/2&#8243; el_class=&#8221;column-wrapper&#8211;maxwidth&#8211;700&#8243; css=&#8221;.vc_custom_1521446654254{padding-left: 8% !important;}&#8221;]<div id=\"la_divider69d0a4f3594f2\" class=\"js-el la-divider la-unit-responsive\" data-la_component=\"UnitResponsive\"  data-el_target='#la_divider69d0a4f3594f2'  data-el_media_sizes='{&quot;padding-top&quot;:&quot;xlg:135px;lg:50px;&quot;}' ><\/div>\n<div id=\"la_heading_69d0a4f3597c6\" class=\"la-headings text-left\"><h2 class=\"js-el heading-tag la-unit-responsive font-weight-400\" style=\"\" >Diane Chatelet<\/h2><\/div>\n<div id=\"la_divider69d0a4f359a1f\" class=\"js-el la-divider la-unit-responsive\" data-la_component=\"UnitResponsive\"  data-el_target='#la_divider69d0a4f359a1f'  data-el_media_sizes='{&quot;padding-top&quot;:&quot;lg:30px;&quot;}' ><\/div>\n[vc_column_text el_class=&#8221;line-height-30&#8243;]<\/p>\n<div class=\"\">\n<p>Diane has completed her master studies in art law and taxation after obtaining her university degrees in art history, including at the Ecole du Louvre. Diane has advised different clients such as auctioneers, antique dealers and foundations.<\/p>\n<p>Since 2015 she also advises different private collectors and galleries in their acquisitions. After having had her own gallery at the St. Ouen market, she now teams up with the interior designer \u00a0GW and the antique dealer JFR to create the \u201cImpossible Gallery\u201d project. Diane is a member of the European Chamber of Art Experts and Advisers (CECOA)<\/p>\n<\/div>\n<p>[\/vc_column_text][vc_row_inner][vc_column_inner width=&#8221;1\/6&#8243;]<div id=\"la_icon_boxes_69d0a4f359d9a\" class=\"la-sc-icon-boxes wpb_content_element icon-type-normal icon-pos-default icon-style-simple\">\n    <div class=\"icon-boxes-inner\"><div class=\"box-heading-top\"><div class=\"box-icon-heading\"><div class=\"box-icon-inner type-icon\"><div class=\"wrap-icon\"><div class=\"box-icon box-icon-style-simple\"><a href=\"https:\/\/www.instagram.com\/diane.chatelet\/?hl=fr\" target=\"_blank\"><span><i class=\"fab fa-instagram\"><\/i><\/span><\/a><\/div><\/div><\/div><\/div><\/div><div class=\"box-contents\"><\/div><\/div>\n<\/div>\n<span data-la_component=\"InsertCustomCSS\" class=\"js-el hidden\">#la_icon_boxes_69d0a4f359d9a.la-sc-icon-boxes .wrap-icon .box-icon span{line-height:30px;font-size:30px;width:30px;height:30px}<\/span>\n[\/vc_column_inner][vc_column_inner width=&#8221;1\/6&#8243;]<div id=\"la_icon_boxes_69d0a4f35a1b3\" class=\"la-sc-icon-boxes wpb_content_element icon-type-normal icon-pos-default icon-style-simple\">\n    <div class=\"icon-boxes-inner\"><div class=\"box-heading-top\"><div class=\"box-icon-heading\"><div class=\"box-icon-inner type-icon\"><div class=\"wrap-icon\"><div class=\"box-icon box-icon-style-simple\"><a href=\"https:\/\/www.impossiblegallery.com\/\" target=\"_blank\"><span><i class=\"fas fa-globe\"><\/i><\/span><\/a><\/div><\/div><\/div><\/div><\/div><div class=\"box-contents\"><\/div><\/div>\n<\/div>\n<span data-la_component=\"InsertCustomCSS\" class=\"js-el hidden\">#la_icon_boxes_69d0a4f35a1b3.la-sc-icon-boxes .wrap-icon .box-icon span{line-height:30px;font-size:30px;width:30px;height:30px}<\/span>\n[\/vc_column_inner][vc_column_inner width=&#8221;1\/6&#8243;][\/vc_column_inner][vc_column_inner width=&#8221;1\/6&#8243;][\/vc_column_inner][vc_column_inner width=&#8221;1\/6&#8243;][\/vc_column_inner][vc_column_inner width=&#8221;1\/6&#8243;][\/vc_column_inner][\/vc_row_inner]<div id=\"la_divider69d0a4f35a3de\" class=\"js-el la-divider la-unit-responsive\" data-la_component=\"UnitResponsive\"  data-el_target='#la_divider69d0a4f35a3de'  data-el_media_sizes='{&quot;padding-top&quot;:&quot;xlg:135px;lg:50px;&quot;}' ><\/div>\n[\/vc_column][\/vc_row]<\/p>\n","protected":false},"excerpt":{"rendered":"<p>[vc_row full_width=&#8221;stretch_row&#8221; equal_height=&#8221;yes&#8221;][vc_column width=&#8221;1\/2&#8243; css=&#8221;.vc_custom_1534854515135{background-position: center !important;background-repeat: no-repeat !important;background-size: cover !important;}&#8221;][vc_single_image image=&#8221;1195&#8243; img_size=&#8221;full&#8221; alignment=&#8221;center&#8221;][\/vc_column][vc_column width=&#8221;1\/2&#8243; el_class=&#8221;column-wrapper&#8211;maxwidth&#8211;700&#8243; css=&#8221;.vc_custom_1521446654254{padding-left: 8% !important;}&#8221;][vc_column_text el_class=&#8221;line-height-30&#8243;]JF&hellip;<\/p>\n","protected":false},"author":1,"featured_media":0,"parent":0,"menu_order":0,"comment_status":"closed","ping_status":"closed","template":"","meta":[],"_links":{"self":[{"href":"https:\/\/geraldwatelet.be\/en\/wp-json\/wp\/v2\/pages\/1185"}],"collection":[{"href":"https:\/\/geraldwatelet.be\/en\/wp-json\/wp\/v2\/pages"}],"about":[{"href":"https:\/\/geraldwatelet.be\/en\/wp-json\/wp\/v2\/types\/page"}],"author":[{"embeddable":true,"href":"https:\/\/geraldwatelet.be\/en\/wp-json\/wp\/v2\/users\/1"}],"replies":[{"embeddable":true,"href":"https:\/\/geraldwatelet.be\/en\/wp-json\/wp\/v2\/comments?post=1185"}],"version-history":[{"count":7,"href":"https:\/\/geraldwatelet.be\/en\/wp-json\/wp\/v2\/pages\/1185\/revisions"}],"predecessor-version":[{"id":1391,"href":"https:\/\/geraldwatelet.be\/en\/wp-json\/wp\/v2\/pages\/1185\/revisions\/1391"}],"wp:attachment":[{"href":"https:\/\/geraldwatelet.be\/en\/wp-json\/wp\/v2\/media?parent=1185"}],"curies":[{"name":"wp","href":"https:\/\/api.w.org\/{rel}","templated":true}]}}