{"id":1183,"date":"2018-08-21T14:20:45","date_gmt":"2018-08-21T12:20:45","guid":{"rendered":"https:\/\/geraldwatelet.be\/partenaires\/"},"modified":"2021-08-23T09:24:45","modified_gmt":"2021-08-23T07:24:45","slug":"partners","status":"publish","type":"page","link":"https:\/\/geraldwatelet.be\/nl\/partners\/","title":{"rendered":"Partners"},"content":{"rendered":"<p>[vc_row full_width=&#8221;stretch_row&#8221; equal_height=&#8221;yes&#8221;][vc_column width=&#8221;1\/2&#8243; css=&#8221;.vc_custom_1534854515135{background-position: center !important;background-repeat: no-repeat !important;background-size: cover !important;}&#8221;][vc_single_image image=&#8221;1189&#8243; img_size=&#8221;full&#8221; alignment=&#8221;center&#8221;][\/vc_column][vc_column width=&#8221;1\/2&#8243; el_class=&#8221;column-wrapper&#8211;maxwidth&#8211;700&#8243; css=&#8221;.vc_custom_1521446654254{padding-left: 8% !important;}&#8221;]<div id=\"la_divider69e471223d198\" class=\"js-el la-divider la-unit-responsive\" data-la_component=\"UnitResponsive\"  data-el_target='#la_divider69e471223d198'  data-el_media_sizes='{&quot;padding-top&quot;:&quot;xlg:135px;lg:50px;&quot;}' ><\/div>\n<div id=\"la_heading_69e471223d5ba\" class=\"la-headings text-left\"><h2 class=\"js-el heading-tag la-unit-responsive font-weight-400\" style=\"\" >JF R\u00e9gis<\/h2><\/div>\n<div id=\"la_divider69e471223d802\" class=\"js-el la-divider la-unit-responsive\" data-la_component=\"UnitResponsive\"  data-el_target='#la_divider69e471223d802'  data-el_media_sizes='{&quot;padding-top&quot;:&quot;lg:30px;&quot;}' ><\/div>\n[vc_column_text el_class=&#8221;line-height-30&#8243;]Gepassioneerd door marmer, beeldhouwkunst en kwalitatieve Franse of Italiaanse meubels, presenteert <a href=\"https:\/\/www.jfregis.com\/\" target=\"_blank\" rel=\"noopener\">Jean-Fran\u00e7ois R\u00e9gis<\/a> zijn eclectische keuze meestal in zijn originele staat, zelden gerestaureerd. Interieurontwerper Gerald Watelet vervoegde niet lang geleden Jean-Fran\u00e7ois R\u00e9gis en zijn vrouw Nelly. Het team biedt de klanten alle diensten aan die nodig zijn voor de inrichting van een interieur. Qua decoratie werken zij eveneens samen met een aantal stoffeerders en hebben zij eveneens een werkplaats voor het maken van lampenkappen, lampen en elektrificatie van verlichting.[\/vc_column_text][vc_row_inner][vc_column_inner width=&#8221;1\/6&#8243;]<div id=\"la_icon_boxes_69e471223dd9a\" class=\"la-sc-icon-boxes wpb_content_element icon-type-normal icon-pos-default icon-style-simple\">\n    <div class=\"icon-boxes-inner\"><div class=\"box-heading-top\"><div class=\"box-icon-heading\"><div class=\"box-icon-inner type-icon\"><div class=\"wrap-icon\"><div class=\"box-icon box-icon-style-simple\"><a href=\"https:\/\/www.instagram.com\/jfregis\/?hl=fr\" target=\"_blank\"><span><i class=\"fab fa-instagram\"><\/i><\/span><\/a><\/div><\/div><\/div><\/div><\/div><div class=\"box-contents\"><\/div><\/div>\n<\/div>\n<span data-la_component=\"InsertCustomCSS\" class=\"js-el hidden\">#la_icon_boxes_69e471223dd9a.la-sc-icon-boxes .wrap-icon .box-icon span{line-height:30px;font-size:30px;width:30px;height:30px}<\/span>\n[\/vc_column_inner][vc_column_inner width=&#8221;1\/6&#8243;]<div id=\"la_icon_boxes_69e471223e179\" class=\"la-sc-icon-boxes wpb_content_element icon-type-normal icon-pos-default icon-style-simple\">\n    <div class=\"icon-boxes-inner\"><div class=\"box-heading-top\"><div class=\"box-icon-heading\"><div class=\"box-icon-inner type-icon\"><div class=\"wrap-icon\"><div class=\"box-icon box-icon-style-simple\"><a href=\"https:\/\/www.jfregis.com\/\" target=\"_blank\"><span><i class=\"fas fa-globe\"><\/i><\/span><\/a><\/div><\/div><\/div><\/div><\/div><div class=\"box-contents\"><\/div><\/div>\n<\/div>\n<span data-la_component=\"InsertCustomCSS\" class=\"js-el hidden\">#la_icon_boxes_69e471223e179.la-sc-icon-boxes .wrap-icon .box-icon span{line-height:30px;font-size:30px;width:30px;height:30px}<\/span>\n[\/vc_column_inner][vc_column_inner width=&#8221;1\/6&#8243;][\/vc_column_inner][vc_column_inner width=&#8221;1\/6&#8243;][\/vc_column_inner][vc_column_inner width=&#8221;1\/6&#8243;][\/vc_column_inner][vc_column_inner width=&#8221;1\/6&#8243;][\/vc_column_inner][\/vc_row_inner]<div id=\"la_divider69e471223e416\" class=\"js-el la-divider la-unit-responsive\" data-la_component=\"UnitResponsive\"  data-el_target='#la_divider69e471223e416'  data-el_media_sizes='{&quot;padding-top&quot;:&quot;xlg:135px;lg:50px;&quot;}' ><\/div>\n[\/vc_column][\/vc_row][vc_row full_width=&#8221;stretch_row&#8221; equal_height=&#8221;yes&#8221; disable_element=&#8221;yes&#8221;][vc_column width=&#8221;1\/2&#8243; css=&#8221;.vc_custom_1534854692833{background-position: center !important;background-repeat: no-repeat !important;background-size: cover !important;}&#8221;][vc_single_image image=&#8221;1188&#8243; img_size=&#8221;full&#8221; alignment=&#8221;center&#8221;][\/vc_column][vc_column width=&#8221;1\/2&#8243; el_class=&#8221;column-wrapper&#8211;maxwidth&#8211;700&#8243; css=&#8221;.vc_custom_1521446654254{padding-left: 8% !important;}&#8221;]<div id=\"la_divider69e471223e63e\" class=\"js-el la-divider la-unit-responsive\" data-la_component=\"UnitResponsive\"  data-el_target='#la_divider69e471223e63e'  data-el_media_sizes='{&quot;padding-top&quot;:&quot;xlg:135px;lg:50px;&quot;}' ><\/div>\n<div id=\"la_heading_69e471223e924\" class=\"la-headings text-left\"><h2 class=\"js-el heading-tag la-unit-responsive font-weight-400\" style=\"\" >Tagoli<\/h2><\/div>\n<div id=\"la_divider69e471223eb79\" class=\"js-el la-divider la-unit-responsive\" data-la_component=\"UnitResponsive\"  data-el_target='#la_divider69e471223eb79'  data-el_media_sizes='{&quot;padding-top&quot;:&quot;lg:30px;&quot;}' ><\/div>\n[vc_column_text el_class=&#8221;line-height-30&#8243;]Depuis 1960, la maison TAGOLI cr\u00e9e et r\u00e9alise des abat-jour sur mesure dans la tradition du fait main artisanal. L\u2019atelier cr\u00e9e \u00e9galement des lampes, ou pourra transformer des objets divers en lampes, suivant vos d\u00e9sirs.<br \/>\nChaque r\u00e9alisation fait l\u2019objet d\u2019une attention particuli\u00e8re par des artisans sp\u00e9cialis\u00e9s.<br \/>\nDe l\u2019abat jour le plus simple au plus sophistiqu\u00e9, l\u2019abat-jour met en valeur les tonalit\u00e9s de lumi\u00e8re dans un int\u00e9rieur, et devient un \u00e9l\u00e9ment de d\u00e9coration \u00e0 part enti\u00e8re.\u00a0Quels que soient les tissus, la taille, la forme ou encore les finitions,\u00a0Sandrine Morel et Nelly Waquet sont \u00e0 votre \u00e9coute afin de vous aider et de vous conseiller dans vos choix.[\/vc_column_text]<div id=\"la_icon_boxes_69e471223eef7\" class=\"la-sc-icon-boxes wpb_content_element icon-type-normal icon-pos-default icon-style-simple\">\n    <div class=\"icon-boxes-inner\"><div class=\"box-heading-top\"><div class=\"box-icon-heading\"><div class=\"box-icon-inner type-icon\"><div class=\"wrap-icon\"><div class=\"box-icon box-icon-style-simple\"><a href=\"https:\/\/www.instagram.com\/atelier_tagoli\/?hl=fr\" target=\"_blank\"><span><i class=\"fab fa-instagram\"><\/i><\/span><\/a><\/div><\/div><\/div><\/div><\/div><div class=\"box-contents\"><\/div><\/div>\n<\/div>\n<span data-la_component=\"InsertCustomCSS\" class=\"js-el hidden\">#la_icon_boxes_69e471223eef7.la-sc-icon-boxes .wrap-icon .box-icon span{line-height:30px;font-size:30px;width:30px;height:30px}<\/span>\n<div id=\"la_divider69e471223f143\" class=\"js-el la-divider la-unit-responsive\" data-la_component=\"UnitResponsive\"  data-el_target='#la_divider69e471223f143'  data-el_media_sizes='{&quot;padding-top&quot;:&quot;xlg:135px;lg:50px;&quot;}' ><\/div>\n[\/vc_column][\/vc_row][vc_row full_width=&#8221;stretch_row&#8221; equal_height=&#8221;yes&#8221;][vc_column width=&#8221;1\/2&#8243; css=&#8221;.vc_custom_1534854692833{background-position: center !important;background-repeat: no-repeat !important;background-size: cover !important;}&#8221;][vc_single_image image=&#8221;1192&#8243; img_size=&#8221;full&#8221; alignment=&#8221;center&#8221;][\/vc_column][vc_column width=&#8221;1\/2&#8243; el_class=&#8221;column-wrapper&#8211;maxwidth&#8211;700&#8243; css=&#8221;.vc_custom_1521446654254{padding-left: 8% !important;}&#8221;]<div id=\"la_divider69e471223f380\" class=\"js-el la-divider la-unit-responsive\" data-la_component=\"UnitResponsive\"  data-el_target='#la_divider69e471223f380'  data-el_media_sizes='{&quot;padding-top&quot;:&quot;xlg:135px;lg:50px;&quot;}' ><\/div>\n<div id=\"la_heading_69e471223f648\" class=\"la-headings text-left\"><h2 class=\"js-el heading-tag la-unit-responsive font-weight-400\" style=\"\" >Diane Chatelet<\/h2><\/div>\n<div id=\"la_divider69e471223f86a\" class=\"js-el la-divider la-unit-responsive\" data-la_component=\"UnitResponsive\"  data-el_target='#la_divider69e471223f86a'  data-el_media_sizes='{&quot;padding-top&quot;:&quot;lg:30px;&quot;}' ><\/div>\n[vc_column_text el_class=&#8221;line-height-30&#8243;]<\/p>\n<div class=\"\">\n<p>Na een Master in rechten en fiscaliteit in de Kunstmarkt, gevolgd door studies kunstgeschiedenis aan de Universiteit en aan het Louvre, werkte Diane Chatelet in verschillende domeinen in de kunstsector (veilinghuizen, galeriehouders, makelaars in schilderijen, antiquairs en verschillende stichtingen).<\/p>\n<p>Sinds 2015 adviseert zij verzamelaars en professionals bij het zoeken naar en het verwerven van kunstwerken.<\/p>\n<p>Diane Chatelet installeert zich nu in een nieuwe Galerij op de Serpette Markt samen met designer-decorateur Gerald Watelet en Jeff Regis, deskundige geaccrediteerd bij de Europese kamer van adviseurs in kunstwerken (CECOA) &#8211; net zoals Diane trouwens. Jeff Regis is tevens lid van de koninklijke kamer van antiquairs van Belgi\u00eb.<\/p>\n<p>Met hun drie\u00ebn richten ze nu \u201cImpossible Galerie\u201d op is St.Ouen.<\/p>\n<\/div>\n<p>[\/vc_column_text][vc_row_inner][vc_column_inner width=&#8221;1\/6&#8243;]<div id=\"la_icon_boxes_69e471223fc51\" class=\"la-sc-icon-boxes wpb_content_element icon-type-normal icon-pos-default icon-style-simple\">\n    <div class=\"icon-boxes-inner\"><div class=\"box-heading-top\"><div class=\"box-icon-heading\"><div class=\"box-icon-inner type-icon\"><div class=\"wrap-icon\"><div class=\"box-icon box-icon-style-simple\"><a href=\"https:\/\/www.instagram.com\/diane.chatelet\/?hl=fr\" target=\"_blank\"><span><i class=\"fab fa-instagram\"><\/i><\/span><\/a><\/div><\/div><\/div><\/div><\/div><div class=\"box-contents\"><\/div><\/div>\n<\/div>\n<span data-la_component=\"InsertCustomCSS\" class=\"js-el hidden\">#la_icon_boxes_69e471223fc51.la-sc-icon-boxes .wrap-icon .box-icon span{line-height:30px;font-size:30px;width:30px;height:30px}<\/span>\n[\/vc_column_inner][vc_column_inner width=&#8221;1\/6&#8243;]<div id=\"la_icon_boxes_69e4712240020\" class=\"la-sc-icon-boxes wpb_content_element icon-type-normal icon-pos-default icon-style-simple\">\n    <div class=\"icon-boxes-inner\"><div class=\"box-heading-top\"><div class=\"box-icon-heading\"><div class=\"box-icon-inner type-icon\"><div class=\"wrap-icon\"><div class=\"box-icon box-icon-style-simple\"><a href=\"https:\/\/www.impossiblegallery.com\/\" target=\"_blank\"><span><i class=\"fas fa-globe\"><\/i><\/span><\/a><\/div><\/div><\/div><\/div><\/div><div class=\"box-contents\"><\/div><\/div>\n<\/div>\n<span data-la_component=\"InsertCustomCSS\" class=\"js-el hidden\">#la_icon_boxes_69e4712240020.la-sc-icon-boxes .wrap-icon .box-icon span{line-height:30px;font-size:30px;width:30px;height:30px}<\/span>\n[\/vc_column_inner][vc_column_inner width=&#8221;1\/6&#8243;][\/vc_column_inner][vc_column_inner width=&#8221;1\/6&#8243;][\/vc_column_inner][vc_column_inner width=&#8221;1\/6&#8243;][\/vc_column_inner][vc_column_inner width=&#8221;1\/6&#8243;][\/vc_column_inner][\/vc_row_inner]<div id=\"la_divider69e4712240268\" class=\"js-el la-divider la-unit-responsive\" data-la_component=\"UnitResponsive\"  data-el_target='#la_divider69e4712240268'  data-el_media_sizes='{&quot;padding-top&quot;:&quot;xlg:135px;lg:50px;&quot;}' ><\/div>\n[\/vc_column][\/vc_row]<\/p>\n","protected":false},"excerpt":{"rendered":"<p>[vc_row full_width=&#8221;stretch_row&#8221; equal_height=&#8221;yes&#8221;][vc_column width=&#8221;1\/2&#8243; css=&#8221;.vc_custom_1534854515135{background-position: center !important;background-repeat: no-repeat !important;background-size: cover !important;}&#8221;][vc_single_image image=&#8221;1189&#8243; img_size=&#8221;full&#8221; alignment=&#8221;center&#8221;][\/vc_column][vc_column width=&#8221;1\/2&#8243; el_class=&#8221;column-wrapper&#8211;maxwidth&#8211;700&#8243; css=&#8221;.vc_custom_1521446654254{padding-left: 8% !important;}&#8221;][vc_column_text el_class=&#8221;line-height-30&#8243;]Gepassioneerd&hellip;<\/p>\n","protected":false},"author":1,"featured_media":0,"parent":0,"menu_order":0,"comment_status":"closed","ping_status":"closed","template":"","meta":[],"_links":{"self":[{"href":"https:\/\/geraldwatelet.be\/nl\/wp-json\/wp\/v2\/pages\/1183"}],"collection":[{"href":"https:\/\/geraldwatelet.be\/nl\/wp-json\/wp\/v2\/pages"}],"about":[{"href":"https:\/\/geraldwatelet.be\/nl\/wp-json\/wp\/v2\/types\/page"}],"author":[{"embeddable":true,"href":"https:\/\/geraldwatelet.be\/nl\/wp-json\/wp\/v2\/users\/1"}],"replies":[{"embeddable":true,"href":"https:\/\/geraldwatelet.be\/nl\/wp-json\/wp\/v2\/comments?post=1183"}],"version-history":[{"count":5,"href":"https:\/\/geraldwatelet.be\/nl\/wp-json\/wp\/v2\/pages\/1183\/revisions"}],"predecessor-version":[{"id":1202,"href":"https:\/\/geraldwatelet.be\/nl\/wp-json\/wp\/v2\/pages\/1183\/revisions\/1202"}],"wp:attachment":[{"href":"https:\/\/geraldwatelet.be\/nl\/wp-json\/wp\/v2\/media?parent=1183"}],"curies":[{"name":"wp","href":"https:\/\/api.w.org\/{rel}","templated":true}]}}